{"id":752,"date":"2023-10-10T12:23:32","date_gmt":"2023-10-10T12:23:32","guid":{"rendered":"https:\/\/ecovetproject.com\/?page_id=752"},"modified":"2023-10-17T09:49:53","modified_gmt":"2023-10-17T09:49:53","slug":"news","status":"publish","type":"page","link":"https:\/\/ecovetproject.com\/fr\/news\/","title":{"rendered":"Nouvelles"},"content":{"rendered":"<div data-elementor-type=\"wp-page\" data-elementor-id=\"752\" class=\"elementor elementor-752\" data-elementor-post-type=\"page\">\n\t\t\t\t<div class=\"elementor-element elementor-element-881171f e-con-full e-flex e-con e-parent\" data-id=\"881171f\" data-element_type=\"container\" data-e-type=\"container\">\n\t\t\t\t<div class=\"elementor-element elementor-element-2a2e88d elementor-widget elementor-widget-breadcrumbs\" data-id=\"2a2e88d\" data-element_type=\"widget\" data-e-type=\"widget\" data-widget_type=\"breadcrumbs.default\">\n\t\t\t\t<div class=\"elementor-widget-container\">\n\t\t\t\t\t<p id=\"breadcrumbs\"><span><span><a href=\"https:\/\/ecovetproject.com\/fr\/\">Maison<\/a><\/span><\/span><\/p>\t\t\t\t<\/div>\n\t\t\t\t<\/div>\n\t\t\t\t<\/div>\n\t\t<div class=\"elementor-element elementor-element-8423722 e-flex e-con-boxed e-con e-parent\" data-id=\"8423722\" data-element_type=\"container\" data-e-type=\"container\">\n\t\t\t\t\t<div class=\"e-con-inner\">\n\t\t\t\t<div class=\"elementor-element elementor-element-55e316d elementor-grid-eael-col-3 elementor-grid-tablet-eael-col-2 elementor-grid-mobile-eael-col-1 elementor-widget elementor-widget-eael-post-grid\" data-id=\"55e316d\" data-element_type=\"widget\" data-e-type=\"widget\" data-settings=\"{&quot;eael_post_grid_columns&quot;:&quot;eael-col-3&quot;,&quot;eael_post_grid_columns_tablet&quot;:&quot;eael-col-2&quot;,&quot;eael_post_grid_columns_mobile&quot;:&quot;eael-col-1&quot;}\" data-widget_type=\"eael-post-grid.default\">\n\t\t\t\t<div class=\"elementor-widget-container\">\n\t\t\t\t\t<div id=\"eael-post-grid-55e316d\" class=\"eael-post-grid-container\">\n            <div class=\"eael-post-grid eael-post-appender eael-post-appender-55e316d eael-post-grid-style-three\" data-layout-mode=\"grid\"><article class=\"eael-grid-post  eael-post-grid-column eael-pg-post-1625 category-blog\" data-id=\"1625\">\n        <div class=\"eael-grid-post-holder\">\n            <div class=\"eael-grid-post-holder-inner\"><div class=\"eael-entry-media\"><div class=\"eael-entry-overlay zoom-in\"><i class=\"fas fa-long-arrow-alt-right\" aria-hidden=\"true\"><\/i><a href=\"https:\/\/ecovetproject.com\/fr\/2025\/11\/26\/skilling-eco-vet-three-years-of-collaboration-to-strengthen-the-vet-ecosystem-in-ghana-and-senegal\/\"><\/a><\/div><div class=\"eael-entry-thumbnail eael-image-ratio\">\n                 <img fetchpriority=\"high\" decoding=\"async\" width=\"1004\" height=\"754\" src=\"https:\/\/ecovetproject.com\/wp-content\/uploads\/2025\/12\/Picture-1.jpg\" class=\"attachment-1536x1536 size-1536x1536 wp-image-1636\" alt=\"\" srcset=\"https:\/\/ecovetproject.com\/wp-content\/uploads\/2025\/12\/Picture-1.jpg 1004w, https:\/\/ecovetproject.com\/wp-content\/uploads\/2025\/12\/Picture-1-300x225.jpg 300w, https:\/\/ecovetproject.com\/wp-content\/uploads\/2025\/12\/Picture-1-768x577.jpg 768w, https:\/\/ecovetproject.com\/wp-content\/uploads\/2025\/12\/Picture-1-16x12.jpg 16w\" sizes=\"(max-width: 1004px) 100vw, 1004px\" \/>\n             <\/div>\n        <\/div><div class=\"eael-entry-wrapper\"><header class=\"eael-entry-header\"><h2 class=\"eael-entry-title\"><a class=\"eael-grid-post-link\" href=\"https:\/\/ecovetproject.com\/fr\/2025\/11\/26\/skilling-eco-vet-three-years-of-collaboration-to-strengthen-the-vet-ecosystem-in-ghana-and-senegal\/\" title=\"Skilling Eco-VET : Trois ans de collaboration pour renforcer l\u2019\u00e9cosyst\u00e8me de la FEP au Ghana et au S\u00e9n\u00e9gal\">Skilling Eco-VET : Trois ans de collaboration pour renforcer l\u2019\u00e9cosyst\u00e8me de la FEP au Ghana et au S\u00e9n\u00e9gal<\/a><\/h2><\/header><div class=\"eael-entry-meta\"><\/div><\/div><\/div>\n        <\/div>\n    <\/article><article class=\"eael-grid-post  eael-post-grid-column eael-pg-post-1545 category-blog\" data-id=\"1545\">\n        <div class=\"eael-grid-post-holder\">\n            <div class=\"eael-grid-post-holder-inner\"><div class=\"eael-entry-media\"><div class=\"eael-entry-overlay zoom-in\"><i class=\"fas fa-long-arrow-alt-right\" aria-hidden=\"true\"><\/i><a href=\"https:\/\/ecovetproject.com\/fr\/2025\/11\/25\/don-bosco-solar-day\/\"><\/a><\/div><div class=\"eael-entry-thumbnail eael-image-ratio\">\n                 <img decoding=\"async\" width=\"900\" height=\"600\" src=\"https:\/\/ecovetproject.com\/wp-content\/uploads\/2025\/11\/ApmenMult-59.jpg\" class=\"attachment-1536x1536 size-1536x1536 wp-image-1546\" alt=\"\" srcset=\"https:\/\/ecovetproject.com\/wp-content\/uploads\/2025\/11\/ApmenMult-59.jpg 900w, https:\/\/ecovetproject.com\/wp-content\/uploads\/2025\/11\/ApmenMult-59-300x200.jpg 300w, https:\/\/ecovetproject.com\/wp-content\/uploads\/2025\/11\/ApmenMult-59-768x512.jpg 768w, https:\/\/ecovetproject.com\/wp-content\/uploads\/2025\/11\/ApmenMult-59-18x12.jpg 18w\" sizes=\"(max-width: 900px) 100vw, 900px\" \/>\n             <\/div>\n        <\/div><div class=\"eael-entry-wrapper\"><header class=\"eael-entry-header\"><h2 class=\"eael-entry-title\"><a class=\"eael-grid-post-link\" href=\"https:\/\/ecovetproject.com\/fr\/2025\/11\/25\/don-bosco-solar-day\/\" title=\"DON BOSCO SOLAR DAY\">DON BOSCO SOLAR DAY<\/a><\/h2><\/header><div class=\"eael-entry-meta\"><\/div><\/div><\/div>\n        <\/div>\n    <\/article><article class=\"eael-grid-post  eael-post-grid-column eael-pg-post-1554 category-blog\" data-id=\"1554\">\n        <div class=\"eael-grid-post-holder\">\n            <div class=\"eael-grid-post-holder-inner\"><div class=\"eael-entry-media\"><div class=\"eael-entry-overlay zoom-in\"><i class=\"fas fa-long-arrow-alt-right\" aria-hidden=\"true\"><\/i><a href=\"https:\/\/ecovetproject.com\/fr\/2025\/11\/25\/strengthening-vocational-education-and-training-vet-in-ghana-and-senegal-the-story-of-peer-review-in-the-skilling-eco-vet-project\/\"><\/a><\/div><div class=\"eael-entry-thumbnail eael-image-ratio\">\n                 <img decoding=\"async\" width=\"1536\" height=\"1152\" src=\"https:\/\/ecovetproject.com\/wp-content\/uploads\/2025\/12\/IMG-20231128-WA0014-1536x1152.jpg\" class=\"attachment-1536x1536 size-1536x1536 wp-image-1609\" alt=\"\" srcset=\"https:\/\/ecovetproject.com\/wp-content\/uploads\/2025\/12\/IMG-20231128-WA0014-1536x1152.jpg 1536w, https:\/\/ecovetproject.com\/wp-content\/uploads\/2025\/12\/IMG-20231128-WA0014-300x225.jpg 300w, https:\/\/ecovetproject.com\/wp-content\/uploads\/2025\/12\/IMG-20231128-WA0014-1024x768.jpg 1024w, https:\/\/ecovetproject.com\/wp-content\/uploads\/2025\/12\/IMG-20231128-WA0014-768x576.jpg 768w, https:\/\/ecovetproject.com\/wp-content\/uploads\/2025\/12\/IMG-20231128-WA0014-16x12.jpg 16w, https:\/\/ecovetproject.com\/wp-content\/uploads\/2025\/12\/IMG-20231128-WA0014.jpg 1600w\" sizes=\"(max-width: 1536px) 100vw, 1536px\" \/>\n             <\/div>\n        <\/div><div class=\"eael-entry-wrapper\"><header class=\"eael-entry-header\"><h2 class=\"eael-entry-title\"><a class=\"eael-grid-post-link\" href=\"https:\/\/ecovetproject.com\/fr\/2025\/11\/25\/strengthening-vocational-education-and-training-vet-in-ghana-and-senegal-the-story-of-peer-review-in-the-skilling-eco-vet-project\/\" title=\"Renforcement de la Formation Professionnelle (VET) au Ghana et au S\u00e9n\u00e9gal : l\u2019histoire du Peer Review dans le projet Skilling Eco VET\">Renforcement de la Formation Professionnelle (VET) au Ghana et au S\u00e9n\u00e9gal : l\u2019histoire du Peer Review dans le projet Skilling Eco VET<\/a><\/h2><\/header><div class=\"eael-entry-meta\"><\/div><\/div><\/div>\n        <\/div>\n    <\/article><article class=\"eael-grid-post  eael-post-grid-column eael-pg-post-1534 category-blog\" data-id=\"1534\">\n        <div class=\"eael-grid-post-holder\">\n            <div class=\"eael-grid-post-holder-inner\"><div class=\"eael-entry-media\"><div class=\"eael-entry-overlay zoom-in\"><i class=\"fas fa-long-arrow-alt-right\" aria-hidden=\"true\"><\/i><a href=\"https:\/\/ecovetproject.com\/fr\/2025\/11\/20\/west-africa-clean-energy-and-environment-wacee-fair\/\"><\/a><\/div><div class=\"eael-entry-thumbnail eael-image-ratio\">\n                 <img loading=\"lazy\" decoding=\"async\" width=\"977\" height=\"650\" src=\"https:\/\/ecovetproject.com\/wp-content\/uploads\/2025\/11\/JSO-1.jpg\" class=\"attachment-1536x1536 size-1536x1536 wp-image-1536\" alt=\"\" srcset=\"https:\/\/ecovetproject.com\/wp-content\/uploads\/2025\/11\/JSO-1.jpg 977w, https:\/\/ecovetproject.com\/wp-content\/uploads\/2025\/11\/JSO-1-300x200.jpg 300w, https:\/\/ecovetproject.com\/wp-content\/uploads\/2025\/11\/JSO-1-768x511.jpg 768w, https:\/\/ecovetproject.com\/wp-content\/uploads\/2025\/11\/JSO-1-18x12.jpg 18w\" sizes=\"(max-width: 977px) 100vw, 977px\" \/>\n             <\/div>\n        <\/div><div class=\"eael-entry-wrapper\"><header class=\"eael-entry-header\"><h2 class=\"eael-entry-title\"><a class=\"eael-grid-post-link\" href=\"https:\/\/ecovetproject.com\/fr\/2025\/11\/20\/west-africa-clean-energy-and-environment-wacee-fair\/\" title=\"FOIRE OUEST-AFRICAINE DE L\u2019\u00c9NERGIE PROPRE ET DE L\u2019ENVIRONNEMENT (WACEE)\">FOIRE OUEST-AFRICAINE DE L\u2019\u00c9NERGIE PROPRE ET DE L\u2019ENVIRONNEMENT (WACEE)<\/a><\/h2><\/header><div class=\"eael-entry-meta\"><\/div><\/div><\/div>\n        <\/div>\n    <\/article><\/div>\n            <div class=\"clearfix\"><\/div>\n        <\/div>            <div class=\"eael-load-more-button-wrap\">\n                <button class=\"eael-load-more-button\" id=\"eael-load-more-btn-55e316d\" data-widget-id=\"55e316d\" data-widget=\"55e316d\" data-page-id=\"752\" data-template=\"{&quot;dir&quot;:&quot;lite&quot;,&quot;file_name&quot;:&quot;three.php&quot;,&quot;name&quot;:&quot;Post-Grid&quot;}\" data-class=\"Essential_Addons_Elementor\\Elements\\Post_Grid\" data-layout=\"grid\" data-page=\"1\" data-args=\"orderby=date&amp;order=desc&amp;ignore_sticky_posts=1&amp;post_status=publish&amp;posts_per_page=4&amp;offset=0&amp;post_type=post\" data-max-page=\"6\">\n                    <span class=\"eael-btn-loader button__loader\"><\/span>\n                    <span class=\"eael_load_more_text\">Load More<\/span>\n                <\/button>\n            <\/div>\n            \t\t\t\t<\/div>\n\t\t\t\t<\/div>\n\t\t\t\t\t<\/div>\n\t\t\t\t<\/div>\n\t\t<div class=\"elementor-element elementor-element-a40c797 e-flex e-con-boxed e-con e-parent\" data-id=\"a40c797\" data-element_type=\"container\" data-e-type=\"container\">\n\t\t\t\t\t<div class=\"e-con-inner\">\n\t\t\t\t<div class=\"elementor-element elementor-element-1d2b6bb elementor-widget elementor-widget-spacer\" data-id=\"1d2b6bb\" data-element_type=\"widget\" data-e-type=\"widget\" data-widget_type=\"spacer.default\">\n\t\t\t\t<div class=\"elementor-widget-container\">\n\t\t\t\t\t\t\t<div class=\"elementor-spacer\">\n\t\t\t<div class=\"elementor-spacer-inner\"><\/div>\n\t\t<\/div>\n\t\t\t\t\t\t<\/div>\n\t\t\t\t<\/div>\n\t\t\t\t\t<\/div>\n\t\t\t\t<\/div>\n\t\t\t\t<\/div>","protected":false},"excerpt":{"rendered":"<p>Upcoming activities for the end of 2023 Peer review: a new methodology to encourage the exchange of ideas and knowledge within the Skilling Eco\u00a0VET project Launching the Skilling Eco VET project: the kick-off meeting in Ghana.<\/p>","protected":false},"author":1,"featured_media":0,"parent":0,"menu_order":0,"comment_status":"closed","ping_status":"closed","template":"","meta":{"_monsterinsights_skip_tracking":false,"_monsterinsights_sitenote_active":false,"_monsterinsights_sitenote_note":"","_monsterinsights_sitenote_category":0,"footnotes":""},"class_list":["post-752","page","type-page","status-publish","hentry"],"aioseo_notices":[],"_links":{"self":[{"href":"https:\/\/ecovetproject.com\/fr\/wp-json\/wp\/v2\/pages\/752","targetHints":{"allow":["GET"]}}],"collection":[{"href":"https:\/\/ecovetproject.com\/fr\/wp-json\/wp\/v2\/pages"}],"about":[{"href":"https:\/\/ecovetproject.com\/fr\/wp-json\/wp\/v2\/types\/page"}],"author":[{"embeddable":true,"href":"https:\/\/ecovetproject.com\/fr\/wp-json\/wp\/v2\/users\/1"}],"replies":[{"embeddable":true,"href":"https:\/\/ecovetproject.com\/fr\/wp-json\/wp\/v2\/comments?post=752"}],"version-history":[{"count":4,"href":"https:\/\/ecovetproject.com\/fr\/wp-json\/wp\/v2\/pages\/752\/revisions"}],"predecessor-version":[{"id":1027,"href":"https:\/\/ecovetproject.com\/fr\/wp-json\/wp\/v2\/pages\/752\/revisions\/1027"}],"wp:attachment":[{"href":"https:\/\/ecovetproject.com\/fr\/wp-json\/wp\/v2\/media?parent=752"}],"curies":[{"name":"wp","href":"https:\/\/api.w.org\/{rel}","templated":true}]}}